{"id":1997,"date":"2021-03-11T09:27:36","date_gmt":"2021-03-11T14:27:36","guid":{"rendered":"https:\/\/gildasberthelot.com\/books\/"},"modified":"2021-03-11T09:32:19","modified_gmt":"2021-03-11T14:32:19","slug":"books","status":"publish","type":"page","link":"https:\/\/gildasberthelot.com\/en\/books\/","title":{"rendered":"Books"},"content":{"rendered":"\n<h2>\n\t\tGILDAS BERTHELOT\n\t<\/h2>\n\t<p>\u00c9dit\u00e9 par la Galerie Diane de Polignac<\/p>\n<p>Catalogue d&#8217;exposition<\/p>\n<p>Fran\u00e7ais &amp; anglais &#8211; 96 pages &#8211; Septembre 2015<\/p>\n\t\t\t\t<img loading=\"lazy\" decoding=\"async\" src=\"https:\/\/gildasberthelot.com\/wp-content\/uploads\/2021\/02\/gildasb-catalogue-1-scaled.jpg\" alt=\"gildasb-catalogue 1\" itemprop=\"image\" height=\"1440\" width=\"2560\" title=\"gildasb-catalogue 1\" onerror=\"this.style.display='none'\"  \/>\n\t\t\t\t<img loading=\"lazy\" decoding=\"async\" src=\"https:\/\/gildasberthelot.com\/wp-content\/uploads\/2021\/02\/gildas-catalogue-2-scaled.jpg\" alt=\"gildas-catalogue 2\" itemprop=\"image\" height=\"2560\" width=\"1440\" title=\"gildas-catalogue 2\" onerror=\"this.style.display='none'\"  \/>\n<h2>\n\t\tL&#8217;esprit cr\u00e9atif \/ The Creative Spirit: Gildas Berthelot, Sculpteur\n\t<\/h2>\n\t<p>\u00c9dit\u00e9 par Phoenicia Publishing<\/p>\n<p>Photographies de Jonathan Sa&#8217;adah<\/p>\n\n","protected":false},"excerpt":{"rendered":"<p>GILDAS BERTHELOT \u00c9dit\u00e9 par la Galerie Diane de Polignac Catalogue d&#8217;exposition Fran\u00e7ais &amp; anglais &#8211; 96 pages &#8211; Septembre 2015 L&#8217;esprit cr\u00e9atif \/ The Creative Spirit: Gildas Berthelot, Sculpteur \u00c9dit\u00e9 par Phoenicia Publishing Photographies de Jonathan Sa&#8217;adah<\/p>\n","protected":false},"author":3,"featured_media":0,"parent":0,"menu_order":0,"comment_status":"closed","ping_status":"closed","template":"","meta":{"footnotes":""},"class_list":["post-1997","page","type-page","status-publish","hentry"],"_links":{"self":[{"href":"https:\/\/gildasberthelot.com\/en\/wp-json\/wp\/v2\/pages\/1997","targetHints":{"allow":["GET"]}}],"collection":[{"href":"https:\/\/gildasberthelot.com\/en\/wp-json\/wp\/v2\/pages"}],"about":[{"href":"https:\/\/gildasberthelot.com\/en\/wp-json\/wp\/v2\/types\/page"}],"author":[{"embeddable":true,"href":"https:\/\/gildasberthelot.com\/en\/wp-json\/wp\/v2\/users\/3"}],"replies":[{"embeddable":true,"href":"https:\/\/gildasberthelot.com\/en\/wp-json\/wp\/v2\/comments?post=1997"}],"version-history":[{"count":2,"href":"https:\/\/gildasberthelot.com\/en\/wp-json\/wp\/v2\/pages\/1997\/revisions"}],"predecessor-version":[{"id":2000,"href":"https:\/\/gildasberthelot.com\/en\/wp-json\/wp\/v2\/pages\/1997\/revisions\/2000"}],"wp:attachment":[{"href":"https:\/\/gildasberthelot.com\/en\/wp-json\/wp\/v2\/media?parent=1997"}],"curies":[{"name":"wp","href":"https:\/\/api.w.org\/{rel}","templated":true}]}}